{"id":768,"date":"2019-04-16T15:20:28","date_gmt":"2019-06-11T15:39:42","guid":{"rendered":"https:\/\/www.onzthelabel.com\/product\/1-9\/"},"modified":"2019-10-04T13:14:51","modified_gmt":"2019-10-04T10:14:51","slug":"1-9","status":"publish","type":"product","link":"https:\/\/www.onzthelabel.com\/tr\/product\/1-9\/","title":{"rendered":"1.9"},"content":{"rendered":"","protected":false},"excerpt":{"rendered":"<p>Bitkisel tabaklanm\u0131\u015f dana derisinden g\u00fcm\u00fc\u015f onz logo bask\u0131l\u0131 c\u00fczdan. Solda sekiz kartl\u0131k yeri ve iki yuvas\u0131, sa\u011fda da bir fermuarl\u0131 g\u00f6z ve bir yuvas\u0131 bulunur.<\/p>\n<p><strong>\u00d6l\u00e7\u00fcler<\/strong><\/p>\n<p>16cm x 10.5cm<\/p>\n<p class=\"p1\">\n","protected":false},"featured_media":771,"template":"","meta":[],"product_cat":[103,96],"product_tag":[],"_links":{"self":[{"href":"https:\/\/www.onzthelabel.com\/tr\/wp-json\/wp\/v2\/product\/768"}],"collection":[{"href":"https:\/\/www.onzthelabel.com\/tr\/wp-json\/wp\/v2\/product"}],"about":[{"href":"https:\/\/www.onzthelabel.com\/tr\/wp-json\/wp\/v2\/types\/product"}],"wp:featuredmedia":[{"embeddable":true,"href":"https:\/\/www.onzthelabel.com\/tr\/wp-json\/wp\/v2\/media\/771"}],"wp:attachment":[{"href":"https:\/\/www.onzthelabel.com\/tr\/wp-json\/wp\/v2\/media?parent=768"}],"wp:term":[{"taxonomy":"product_cat","embeddable":true,"href":"https:\/\/www.onzthelabel.com\/tr\/wp-json\/wp\/v2\/product_cat?post=768"},{"taxonomy":"product_tag","embeddable":true,"href":"https:\/\/www.onzthelabel.com\/tr\/wp-json\/wp\/v2\/product_tag?post=768"}],"curies":[{"name":"wp","href":"https:\/\/api.w.org\/{rel}","templated":true}]}}