{"id":761,"date":"2018-11-06T14:09:13","date_gmt":"2019-06-11T15:36:58","guid":{"rendered":"https:\/\/www.onzthelabel.com\/product\/1-8\/"},"modified":"2019-10-04T13:15:13","modified_gmt":"2019-10-04T10:15:13","slug":"bag-1-8","status":"publish","type":"product","link":"https:\/\/www.onzthelabel.com\/tr\/product\/bag-1-8\/","title":{"rendered":"1.8"},"content":{"rendered":"","protected":false},"excerpt":{"rendered":"<p>Bitkisel tabaklanm\u0131\u015f dana derisinden g\u00fcm\u00fc\u015f onz logo bask\u0131l\u0131 pasaport c\u00fczdan\u0131. Solda \u00fc\u00e7 kart ve sa\u011fda iki kart yuvas\u0131 bulunur.<\/p>\n<p><strong>\u00d6l\u00e7\u00fcler<\/strong><\/p>\n<p>14cm x 10.5cm<\/p>\n<p>&nbsp;<\/p>\n","protected":false},"featured_media":766,"template":"","meta":[],"product_cat":[103,96],"product_tag":[],"_links":{"self":[{"href":"https:\/\/www.onzthelabel.com\/tr\/wp-json\/wp\/v2\/product\/761"}],"collection":[{"href":"https:\/\/www.onzthelabel.com\/tr\/wp-json\/wp\/v2\/product"}],"about":[{"href":"https:\/\/www.onzthelabel.com\/tr\/wp-json\/wp\/v2\/types\/product"}],"wp:featuredmedia":[{"embeddable":true,"href":"https:\/\/www.onzthelabel.com\/tr\/wp-json\/wp\/v2\/media\/766"}],"wp:attachment":[{"href":"https:\/\/www.onzthelabel.com\/tr\/wp-json\/wp\/v2\/media?parent=761"}],"wp:term":[{"taxonomy":"product_cat","embeddable":true,"href":"https:\/\/www.onzthelabel.com\/tr\/wp-json\/wp\/v2\/product_cat?post=761"},{"taxonomy":"product_tag","embeddable":true,"href":"https:\/\/www.onzthelabel.com\/tr\/wp-json\/wp\/v2\/product_tag?post=761"}],"curies":[{"name":"wp","href":"https:\/\/api.w.org\/{rel}","templated":true}]}}