{"id":754,"date":"2019-04-16T15:27:01","date_gmt":"2019-06-11T15:33:52","guid":{"rendered":"https:\/\/www.onzthelabel.com\/product\/1-7\/"},"modified":"2022-12-23T20:03:20","modified_gmt":"2022-12-23T17:03:20","slug":"1-7","status":"publish","type":"product","link":"https:\/\/www.onzthelabel.com\/tr\/product\/1-7\/","title":{"rendered":"1.7"},"content":{"rendered":"","protected":false},"excerpt":{"rendered":"<p>Vegetable tanned black calf leather envelope card holder with a snap-button flap closure and the silver onz logo. <strong>Dimensions<\/strong> 7.3cm x 11cm \u00a0Bitkisel tabaklanm\u0131\u015f dana derisinden g\u00fcm\u00fc\u015f onz logo bask\u0131l\u0131 ve \u00e7\u0131t\u00e7\u0131tl\u0131 siyah kartl\u0131k. Tek g\u00f6zden olu\u015fur.<\/p>\n<p><strong>\u00d6l\u00e7\u00fcler<\/strong><\/p>\n<p>7.3cm x 11cm<\/p>\n<p>&nbsp;<\/p>\n","protected":false},"featured_media":760,"template":"","meta":[],"product_cat":[103,96],"product_tag":[],"_links":{"self":[{"href":"https:\/\/www.onzthelabel.com\/tr\/wp-json\/wp\/v2\/product\/754"}],"collection":[{"href":"https:\/\/www.onzthelabel.com\/tr\/wp-json\/wp\/v2\/product"}],"about":[{"href":"https:\/\/www.onzthelabel.com\/tr\/wp-json\/wp\/v2\/types\/product"}],"wp:featuredmedia":[{"embeddable":true,"href":"https:\/\/www.onzthelabel.com\/tr\/wp-json\/wp\/v2\/media\/760"}],"wp:attachment":[{"href":"https:\/\/www.onzthelabel.com\/tr\/wp-json\/wp\/v2\/media?parent=754"}],"wp:term":[{"taxonomy":"product_cat","embeddable":true,"href":"https:\/\/www.onzthelabel.com\/tr\/wp-json\/wp\/v2\/product_cat?post=754"},{"taxonomy":"product_tag","embeddable":true,"href":"https:\/\/www.onzthelabel.com\/tr\/wp-json\/wp\/v2\/product_tag?post=754"}],"curies":[{"name":"wp","href":"https:\/\/api.w.org\/{rel}","templated":true}]}}