{"id":749,"date":"2019-04-16T15:29:13","date_gmt":"2019-06-11T15:29:49","guid":{"rendered":"https:\/\/www.onzthelabel.com\/product\/1-6\/"},"modified":"2019-10-04T13:13:58","modified_gmt":"2019-10-04T10:13:58","slug":"1-6","status":"publish","type":"product","link":"https:\/\/www.onzthelabel.com\/tr\/product\/1-6\/","title":{"rendered":"1.6"},"content":{"rendered":"","protected":false},"excerpt":{"rendered":"<p>Bitkisel tabaklanm\u0131\u015f dana derisinden g\u00fcm\u00fc\u015f onz logo bask\u0131l\u0131 siyah kartl\u0131k. \u00d6nde iki, ortada bir ve arkada da bir kart yuvas\u0131 bulunur.<\/p>\n<p><strong>\u00d6l\u00e7\u00fcler<\/strong><\/p>\n<p>7.3cm x 10cm<\/p>\n<p>&nbsp;<\/p>\n","protected":false},"featured_media":753,"template":"","meta":[],"product_cat":[103,96],"product_tag":[],"_links":{"self":[{"href":"https:\/\/www.onzthelabel.com\/tr\/wp-json\/wp\/v2\/product\/749"}],"collection":[{"href":"https:\/\/www.onzthelabel.com\/tr\/wp-json\/wp\/v2\/product"}],"about":[{"href":"https:\/\/www.onzthelabel.com\/tr\/wp-json\/wp\/v2\/types\/product"}],"wp:featuredmedia":[{"embeddable":true,"href":"https:\/\/www.onzthelabel.com\/tr\/wp-json\/wp\/v2\/media\/753"}],"wp:attachment":[{"href":"https:\/\/www.onzthelabel.com\/tr\/wp-json\/wp\/v2\/media?parent=749"}],"wp:term":[{"taxonomy":"product_cat","embeddable":true,"href":"https:\/\/www.onzthelabel.com\/tr\/wp-json\/wp\/v2\/product_cat?post=749"},{"taxonomy":"product_tag","embeddable":true,"href":"https:\/\/www.onzthelabel.com\/tr\/wp-json\/wp\/v2\/product_tag?post=749"}],"curies":[{"name":"wp","href":"https:\/\/api.w.org\/{rel}","templated":true}]}}