{"id":726,"date":"2019-04-16T15:36:55","date_gmt":"2019-06-11T15:10:59","guid":{"rendered":"https:\/\/www.onzthelabel.com\/product\/1-4\/"},"modified":"2019-10-04T13:12:17","modified_gmt":"2019-10-04T10:12:17","slug":"1-4","status":"publish","type":"product","link":"https:\/\/www.onzthelabel.com\/tr\/product\/1-4\/","title":{"rendered":"1.4"},"content":{"rendered":"","protected":false},"excerpt":{"rendered":"<p>Bitkisel tabaklanm\u0131\u015f dana derisinden siyah kare omuz \u00e7antas\u0131. \u00dczerinde iki adet g\u00fcm\u00fc\u015f 8 cm uzunlu\u011funda halter ve g\u00fcm\u00fc\u015f onz logosu bulunur. Astars\u0131zd\u0131r. \u0130\u00e7erisinde g\u00fcm\u00fc\u015f fermuarl\u0131 bitkisel tabaklanm\u0131\u015f dana derisinden \u00e7antan\u0131n derinli\u011finde bir g\u00f6z bulunur.<\/p>\n<p><strong>\u00d6l\u00e7\u00fcler<\/strong><\/p>\n<p>25cm x 20cm x 14cm<\/p>\n<p>&nbsp;<\/p>\n","protected":false},"featured_media":733,"template":"","meta":[],"product_cat":[103],"product_tag":[],"_links":{"self":[{"href":"https:\/\/www.onzthelabel.com\/tr\/wp-json\/wp\/v2\/product\/726"}],"collection":[{"href":"https:\/\/www.onzthelabel.com\/tr\/wp-json\/wp\/v2\/product"}],"about":[{"href":"https:\/\/www.onzthelabel.com\/tr\/wp-json\/wp\/v2\/types\/product"}],"wp:featuredmedia":[{"embeddable":true,"href":"https:\/\/www.onzthelabel.com\/tr\/wp-json\/wp\/v2\/media\/733"}],"wp:attachment":[{"href":"https:\/\/www.onzthelabel.com\/tr\/wp-json\/wp\/v2\/media?parent=726"}],"wp:term":[{"taxonomy":"product_cat","embeddable":true,"href":"https:\/\/www.onzthelabel.com\/tr\/wp-json\/wp\/v2\/product_cat?post=726"},{"taxonomy":"product_tag","embeddable":true,"href":"https:\/\/www.onzthelabel.com\/tr\/wp-json\/wp\/v2\/product_tag?post=726"}],"curies":[{"name":"wp","href":"https:\/\/api.w.org\/{rel}","templated":true}]}}