{"id":716,"date":"2019-04-16T15:38:07","date_gmt":"2019-06-11T15:05:10","guid":{"rendered":"https:\/\/www.onzthelabel.com\/product\/1-1\/"},"modified":"2024-05-23T16:14:02","modified_gmt":"2024-05-23T13:14:02","slug":"1-1","status":"publish","type":"product","link":"https:\/\/www.onzthelabel.com\/tr\/product\/1-1\/","title":{"rendered":"1.1"},"content":{"rendered":"","protected":false},"excerpt":{"rendered":"<p>Bitkisel tabaklanm\u0131\u015f dana derisinden siyah sepet \u00e7anta. \u00dczerinde iki adet g\u00fcm\u00fc\u015f 1,5 cm uzunlu\u011funda halter ve g\u00fcm\u00fc\u015f onz logosu bulunur. \u0130\u00e7erisinde deri s\u0131r\u0131m ile ba\u011fl\u0131, bitkisel tabaklanm\u0131\u015f dana derisinden 9cm x 14cm boyutunda g\u00fcm\u00fc\u015f fermuarl\u0131, g\u00fcm\u00fc\u015f logo bask\u0131l\u0131 ve astars\u0131z bir \u00e7anta\/c\u00fczdan bulunur.<\/p>\n<p><strong>\u00d6l\u00e7\u00fcler<\/strong><\/p>\n<p>22.5cm x 18cm x 18cm<\/p>\n<p>&nbsp;<\/p>\n","protected":false},"featured_media":725,"template":"","meta":[],"product_cat":[103],"product_tag":[],"_links":{"self":[{"href":"https:\/\/www.onzthelabel.com\/tr\/wp-json\/wp\/v2\/product\/716"}],"collection":[{"href":"https:\/\/www.onzthelabel.com\/tr\/wp-json\/wp\/v2\/product"}],"about":[{"href":"https:\/\/www.onzthelabel.com\/tr\/wp-json\/wp\/v2\/types\/product"}],"wp:featuredmedia":[{"embeddable":true,"href":"https:\/\/www.onzthelabel.com\/tr\/wp-json\/wp\/v2\/media\/725"}],"wp:attachment":[{"href":"https:\/\/www.onzthelabel.com\/tr\/wp-json\/wp\/v2\/media?parent=716"}],"wp:term":[{"taxonomy":"product_cat","embeddable":true,"href":"https:\/\/www.onzthelabel.com\/tr\/wp-json\/wp\/v2\/product_cat?post=716"},{"taxonomy":"product_tag","embeddable":true,"href":"https:\/\/www.onzthelabel.com\/tr\/wp-json\/wp\/v2\/product_tag?post=716"}],"curies":[{"name":"wp","href":"https:\/\/api.w.org\/{rel}","templated":true}]}}