{"id":715,"date":"2019-04-16T15:40:34","date_gmt":"2019-06-11T15:00:42","guid":{"rendered":"https:\/\/www.onzthelabel.com\/product\/1-3\/"},"modified":"2019-10-04T13:11:09","modified_gmt":"2019-10-04T10:11:09","slug":"1-3","status":"publish","type":"product","link":"https:\/\/www.onzthelabel.com\/tr\/product\/1-3\/","title":{"rendered":"1.3"},"content":{"rendered":"","protected":false},"excerpt":{"rendered":"<p>Bitkisel tabaklanm\u0131\u015f dana derisinden s\u0131rt \u00e7antas\u0131. Sap ba\u011flant\u0131lar\u0131nda g\u00fcm\u00fc\u015f rengi d\u00f6rt adet 1.5cm uzunlu\u011funda, kapa\u011f\u0131nda da 8cm uzunlu\u011funda halter aksesuar ve \u00fczerinde g\u00fcm\u00fc\u015f baski logo bulunur. Astars\u0131zd\u0131r. \u0130\u00e7erisinde bitkisel tabaklanm\u0131\u015f dana derisinden cep bulunur.<\/p>\n<p><strong>\u00d6l\u00e7\u00fcler<\/strong><\/p>\n<p>26cm x 20cm x 14cm<\/p>\n<p>&nbsp;<\/p>\n","protected":false},"featured_media":696,"template":"","meta":[],"product_cat":[103],"product_tag":[],"_links":{"self":[{"href":"https:\/\/www.onzthelabel.com\/tr\/wp-json\/wp\/v2\/product\/715"}],"collection":[{"href":"https:\/\/www.onzthelabel.com\/tr\/wp-json\/wp\/v2\/product"}],"about":[{"href":"https:\/\/www.onzthelabel.com\/tr\/wp-json\/wp\/v2\/types\/product"}],"wp:featuredmedia":[{"embeddable":true,"href":"https:\/\/www.onzthelabel.com\/tr\/wp-json\/wp\/v2\/media\/696"}],"wp:attachment":[{"href":"https:\/\/www.onzthelabel.com\/tr\/wp-json\/wp\/v2\/media?parent=715"}],"wp:term":[{"taxonomy":"product_cat","embeddable":true,"href":"https:\/\/www.onzthelabel.com\/tr\/wp-json\/wp\/v2\/product_cat?post=715"},{"taxonomy":"product_tag","embeddable":true,"href":"https:\/\/www.onzthelabel.com\/tr\/wp-json\/wp\/v2\/product_tag?post=715"}],"curies":[{"name":"wp","href":"https:\/\/api.w.org\/{rel}","templated":true}]}}