{"id":707,"date":"2019-04-16T15:39:28","date_gmt":"2019-04-16T12:39:28","guid":{"rendered":"https:\/\/www.onzthelabel.com\/product\/1-2\/"},"modified":"2019-10-04T13:11:31","modified_gmt":"2019-10-04T10:11:31","slug":"1-2","status":"publish","type":"product","link":"https:\/\/www.onzthelabel.com\/tr\/product\/1-2\/","title":{"rendered":"1.2"},"content":{"rendered":"","protected":false},"excerpt":{"rendered":"<p>Bitkisel tabaklanm\u0131\u015f dana derisinden b\u00fczg\u00fcl\u00fc \u00e7anta. \u00dczerinde g\u00fcm\u00fc\u015f iki adet 8cm uzunlu\u011funda halter aksesuar ve g\u00fcm\u00fc\u015f logo bulunur. Astars\u0131zd\u0131r. \u0130\u00e7erisinde deri s\u0131r\u0131m ile ba\u011fl\u0131, bitkisel tabaklanm\u0131\u015f dana derisinden 11.2cm x 17.2cm boyutunda g\u00fcm\u00fc\u015f fermuarl\u0131, g\u00fcm\u00fc\u015f logo bask\u0131l\u0131 ve astars\u0131z bir \u00e7anta\/c\u00fczdan bulunur.<\/p>\n<p><strong>\u00d6l\u00e7\u00fcler<\/strong><\/p>\n<p>25cm x 20cm x 14cm<\/p>\n<p>&nbsp;<\/p>\n","protected":false},"featured_media":708,"template":"","meta":[],"product_cat":[103],"product_tag":[],"_links":{"self":[{"href":"https:\/\/www.onzthelabel.com\/tr\/wp-json\/wp\/v2\/product\/707"}],"collection":[{"href":"https:\/\/www.onzthelabel.com\/tr\/wp-json\/wp\/v2\/product"}],"about":[{"href":"https:\/\/www.onzthelabel.com\/tr\/wp-json\/wp\/v2\/types\/product"}],"wp:featuredmedia":[{"embeddable":true,"href":"https:\/\/www.onzthelabel.com\/tr\/wp-json\/wp\/v2\/media\/708"}],"wp:attachment":[{"href":"https:\/\/www.onzthelabel.com\/tr\/wp-json\/wp\/v2\/media?parent=707"}],"wp:term":[{"taxonomy":"product_cat","embeddable":true,"href":"https:\/\/www.onzthelabel.com\/tr\/wp-json\/wp\/v2\/product_cat?post=707"},{"taxonomy":"product_tag","embeddable":true,"href":"https:\/\/www.onzthelabel.com\/tr\/wp-json\/wp\/v2\/product_tag?post=707"}],"curies":[{"name":"wp","href":"https:\/\/api.w.org\/{rel}","templated":true}]}}